{"id":10,"date":"2025-07-21T14:51:34","date_gmt":"2025-07-21T14:51:34","guid":{"rendered":"http:\/\/sarceydrone.fr\/?page_id=10"},"modified":"2025-09-06T13:16:44","modified_gmt":"2025-09-06T13:16:44","slug":"a-propos","status":"publish","type":"page","link":"https:\/\/sarceydrone.fr\/?page_id=10","title":{"rendered":"\u00c0 propos"},"content":{"rendered":"\n<h2 class=\"wp-block-heading has-medium-font-size\" id=\"inspiro-is-a-digital-product-agency-that-focuses-on-strategy-and-design\" style=\"font-style:normal;font-weight:100\">Je m\u2019appelle\u00a0<strong>Girin Mathys<\/strong>\u00a0et j\u2019ai cr\u00e9\u00e9\u00a0<strong>Sarcey Dr\u00f4ne<\/strong>\u00a0pour partager ma passion de l\u2019image et du drone. Depuis tout petit, je suis fascin\u00e9 par la prise de vues a\u00e9riennes. Au fil des ann\u00e9es, j\u2019ai perfectionn\u00e9 mes projets et investi dans du mat\u00e9riel toujours plus professionnel. Aujourd\u2019hui, je mets cette passion au service de mes clients.<\/h2>\n\n\n\n<p>Chez Sarcey Drone, je propose :<\/p>\n\n\n\n<ul class=\"wp-block-list\">\n<li>des prises de vues a\u00e9riennes et au sol,<\/li>\n\n\n\n<li>le montage vid\u00e9o (r\u00e9alis\u00e9 avec l\u2019aide d\u2019une amie d\u2019enfance en BTS audiovisuel),<\/li>\n\n\n\n<li>la cr\u00e9ation de visites virtuelles et de scans 3D de b\u00e2timents,<\/li>\n\n\n\n<li>des spots publicitaires pour entreprises,<\/li>\n\n\n\n<li>l\u2019acc\u00e8s \u00e0 des endroits difficiles gr\u00e2ce au drone (toitures, zingueries, etc.).<\/li>\n<\/ul>\n\n\n\n<p>Mon objectif est simple : vous offrir des images uniques, adapt\u00e9es \u00e0 vos besoins, qu\u2019il s\u2019agisse de mettre en valeur une entreprise, de sublimer un bien immobilier ou d\u2019immortaliser un \u00e9v\u00e9nement.<\/p>\n\n\n\n<p>Mes valeurs :&nbsp;<strong>fiabilit\u00e9, proximit\u00e9, \u00e9coute, rapidit\u00e9 et personnalisation<\/strong>. Je prends le temps de comprendre chaque projet afin de proposer un rendu qui vous ressemble vraiment.<\/p>\n\n\n\n<p>Avec Sarcey Drone, vous ne commandez pas seulement une prestation technique, vous b\u00e9n\u00e9ficiez aussi d\u2019un accompagnement convivial et humain. Chaque mission est l\u2019occasion de cr\u00e9er quelque chose d\u2019authentique et de marquant.<\/p>\n\n\n\n<div style=\"height:100px\" aria-hidden=\"true\" class=\"wp-block-spacer\"><\/div>\n\n\n\n<h3 class=\"wp-block-heading has-large-font-size\" id=\"inspiro-is-a-digital-product-agency-that-focuses-on-strategy-and-desig\" style=\"font-style:normal;font-weight:300\">Bande-annonce<\/h3>\n\n\n\n<figure class=\"wp-block-embed is-type-video is-provider-youtube wp-block-embed-youtube wp-embed-aspect-16-9 wp-has-aspect-ratio\"><div class=\"wp-block-embed__wrapper\">\n<iframe title=\"Sarcey 1\" width=\"950\" height=\"534\" src=\"https:\/\/www.youtube.com\/embed\/DDyPOSeGYRA?feature=oembed\" frameborder=\"0\" allow=\"accelerometer; autoplay; clipboard-write; encrypted-media; gyroscope; picture-in-picture; web-share\" referrerpolicy=\"strict-origin-when-cross-origin\" allowfullscreen><\/iframe>\n<\/div><\/figure>\n\n\n\n<div style=\"height:100px\" aria-hidden=\"true\" class=\"wp-block-spacer\"><\/div>\n\n\n\n<div class=\"wp-block-cover alignfull\" style=\"padding-top:50px;padding-right:50px;padding-bottom:50px;padding-left:50px;min-height:316px;aspect-ratio:unset;\"><span aria-hidden=\"true\" class=\"wp-block-cover__background has-black-background-color has-background-dim-100 has-background-dim\"><\/span><div class=\"wp-block-cover__inner-container is-layout-flow wp-block-cover-is-layout-flow\">\n<div class=\"wp-block-columns are-vertically-aligned-center is-layout-flex wp-container-core-columns-is-layout-28f84493 wp-block-columns-is-layout-flex\">\n<div class=\"wp-block-column is-vertically-aligned-center is-layout-flow wp-block-column-is-layout-flow\" style=\"padding-top:20px;padding-right:0px;padding-bottom:20px;padding-left:0px\"><\/div>\n\n\n\n<div class=\"wp-block-column is-vertically-aligned-center is-layout-flow wp-block-column-is-layout-flow\" style=\"padding-top:20px;padding-right:0px;padding-bottom:20px;padding-left:0px\"><\/div>\n\n\n\n<div class=\"wp-block-column is-vertically-aligned-center is-layout-flow wp-block-column-is-layout-flow\" style=\"padding-top:20px;padding-right:0px;padding-bottom:20px;padding-left:0px\"><\/div>\n<\/div>\n<\/div><\/div>\n\n\n\n<p><\/p>\n","protected":false},"excerpt":{"rendered":"<p>Je m\u2019appelle\u00a0Girin Mathys\u00a0et j\u2019ai cr\u00e9\u00e9\u00a0Sarcey Dr\u00f4ne\u00a0pour partager ma passion de l\u2019image et du drone. Depuis tout petit, je suis fascin\u00e9 par la prise de vues a\u00e9riennes. Au fil des ann\u00e9es, j\u2019ai perfectionn\u00e9 mes projets et investi dans du mat\u00e9riel toujours plus professionnel. Aujourd\u2019hui, je mets cette passion au service de mes clients. Chez Sarcey Drone, &hellip; <\/p>\n<p class=\"link-more\"><a href=\"https:\/\/sarceydrone.fr\/?page_id=10\" class=\"more-link\">Lire la suite de<span class=\"screen-reader-text\">\u00ab\u00a0\u00c0 propos\u00a0\u00bb<\/span><\/a><\/p>\n","protected":false},"author":1,"featured_media":61,"parent":0,"menu_order":0,"comment_status":"closed","ping_status":"closed","template":"","meta":{"inspiro_hide_title":false,"footnotes":""},"class_list":["post-10","page","type-page","status-publish","has-post-thumbnail","hentry"],"featured_media_urls":{"thumbnail":["https:\/\/sarceydrone.fr\/wp-content\/uploads\/2025\/07\/Capture-decran-2025-07-21-a-18.58.34-150x150.png",150,150,true],"medium":["https:\/\/sarceydrone.fr\/wp-content\/uploads\/2025\/07\/Capture-decran-2025-07-21-a-18.58.34-300x169.png",300,169,true],"medium_large":["https:\/\/sarceydrone.fr\/wp-content\/uploads\/2025\/07\/Capture-decran-2025-07-21-a-18.58.34-scaled.png",768,432,false],"large":["https:\/\/sarceydrone.fr\/wp-content\/uploads\/2025\/07\/Capture-decran-2025-07-21-a-18.58.34-1024x576.png",950,534,true],"1536x1536":["https:\/\/sarceydrone.fr\/wp-content\/uploads\/2025\/07\/Capture-decran-2025-07-21-a-18.58.34-scaled-1536x864.png",1536,864,true],"2048x2048":["https:\/\/sarceydrone.fr\/wp-content\/uploads\/2025\/07\/Capture-decran-2025-07-21-a-18.58.34-scaled-2048x1152.png",2048,1152,true],"inspiro-featured-image":["https:\/\/sarceydrone.fr\/wp-content\/uploads\/2025\/07\/Capture-decran-2025-07-21-a-18.58.34-2000x1125.png",2000,1125,true],"inspiro-loop":["https:\/\/sarceydrone.fr\/wp-content\/uploads\/2025\/07\/Capture-decran-2025-07-21-a-18.58.34-950x320.png",950,320,true],"inspiro-loop@2x":["https:\/\/sarceydrone.fr\/wp-content\/uploads\/2025\/07\/Capture-decran-2025-07-21-a-18.58.34-1900x640.png",1900,640,true],"portfolio_item-thumbnail":["https:\/\/sarceydrone.fr\/wp-content\/uploads\/2025\/07\/Capture-decran-2025-07-21-a-18.58.34-scaled-600x400.png",600,400,true],"portfolio_item-thumbnail@2x":["https:\/\/sarceydrone.fr\/wp-content\/uploads\/2025\/07\/Capture-decran-2025-07-21-a-18.58.34-scaled-1200x800.png",1200,800,true],"portfolio_item-masonry":["https:\/\/sarceydrone.fr\/wp-content\/uploads\/2025\/07\/Capture-decran-2025-07-21-a-18.58.34-scaled-600x338.png",600,338,true],"portfolio_item-masonry@2x":["https:\/\/sarceydrone.fr\/wp-content\/uploads\/2025\/07\/Capture-decran-2025-07-21-a-18.58.34-scaled-1200x675.png",1200,675,true],"portfolio_item-thumbnail_cinema":["https:\/\/sarceydrone.fr\/wp-content\/uploads\/2025\/07\/Capture-decran-2025-07-21-a-18.58.34-scaled-800x335.png",800,335,true],"portfolio_item-thumbnail_portrait":["https:\/\/sarceydrone.fr\/wp-content\/uploads\/2025\/07\/Capture-decran-2025-07-21-a-18.58.34-scaled-600x900.png",600,900,true],"portfolio_item-thumbnail_portrait@2x":["https:\/\/sarceydrone.fr\/wp-content\/uploads\/2025\/07\/Capture-decran-2025-07-21-a-18.58.34-scaled-1200x1440.png",1200,1440,true],"portfolio_item-thumbnail_square":["https:\/\/sarceydrone.fr\/wp-content\/uploads\/2025\/07\/Capture-decran-2025-07-21-a-18.58.34-scaled-800x800.png",800,800,true]},"_links":{"self":[{"href":"https:\/\/sarceydrone.fr\/index.php?rest_route=\/wp\/v2\/pages\/10","targetHints":{"allow":["GET"]}}],"collection":[{"href":"https:\/\/sarceydrone.fr\/index.php?rest_route=\/wp\/v2\/pages"}],"about":[{"href":"https:\/\/sarceydrone.fr\/index.php?rest_route=\/wp\/v2\/types\/page"}],"author":[{"embeddable":true,"href":"https:\/\/sarceydrone.fr\/index.php?rest_route=\/wp\/v2\/users\/1"}],"replies":[{"embeddable":true,"href":"https:\/\/sarceydrone.fr\/index.php?rest_route=%2Fwp%2Fv2%2Fcomments&post=10"}],"version-history":[{"count":5,"href":"https:\/\/sarceydrone.fr\/index.php?rest_route=\/wp\/v2\/pages\/10\/revisions"}],"predecessor-version":[{"id":152,"href":"https:\/\/sarceydrone.fr\/index.php?rest_route=\/wp\/v2\/pages\/10\/revisions\/152"}],"wp:featuredmedia":[{"embeddable":true,"href":"https:\/\/sarceydrone.fr\/index.php?rest_route=\/wp\/v2\/media\/61"}],"wp:attachment":[{"href":"https:\/\/sarceydrone.fr\/index.php?rest_route=%2Fwp%2Fv2%2Fmedia&parent=10"}],"curies":[{"name":"wp","href":"https:\/\/api.w.org\/{rel}","templated":true}]}}