{"id":72,"date":"2025-07-24T15:45:44","date_gmt":"2025-07-24T15:45:44","guid":{"rendered":"https:\/\/sarceydrone.fr\/?page_id=72"},"modified":"2025-09-03T22:57:03","modified_gmt":"2025-09-03T22:57:03","slug":"nos-services","status":"publish","type":"page","link":"https:\/\/sarceydrone.fr\/?page_id=72","title":{"rendered":"Nos Services"},"content":{"rendered":"\n<p class=\"has-medium-font-size\">Chez\u00a0<strong>Sarcey Dr\u00f4ne<\/strong>, nous croyons qu\u2019une belle image raconte toujours une histoire. Gr\u00e2ce \u00e0 notre expertise et \u00e0 du mat\u00e9riel professionnel, nous proposons une large gamme de services adapt\u00e9s aussi bien aux particuliers, qu\u2019aux entreprises et associations.<\/p>\n\n\n\n<h2 class=\"wp-block-heading\">Prises de vues a\u00e9riennes et au sol<\/h2>\n\n\n\n<p>Nos drones homologu\u00e9s nous permettent de capturer des images\u00a0<strong>4K stables et fluides<\/strong>, id\u00e9ales pour donner une nouvelle perspective \u00e0 vos projets. Que ce soit pour\u00a0<strong>immortaliser un \u00e9v\u00e9nement<\/strong>,\u00a0<strong>sublimer un bien immobilier<\/strong>\u00a0ou encore\u00a0<strong>valoriser une entreprise<\/strong>, nous cr\u00e9ons des prises de vues uniques.<br>&#8211;  Photos a\u00e9riennes, vid\u00e9os immersives, angles originaux, captations dynamiques : chaque plan est pens\u00e9 pour mettre en valeur votre sujet.<\/p>\n\n\n\n<h2 class=\"wp-block-heading\">Montage vid\u00e9o professionnel<\/h2>\n\n\n\n<p>Parce qu\u2019une belle image m\u00e9rite un montage \u00e0 la hauteur, nous proposons une&nbsp;<strong>post-production compl\u00e8te<\/strong>&nbsp;:<\/p>\n\n\n\n<ul class=\"wp-block-list\">\n<li><strong>Colorim\u00e9trie<\/strong>\u00a0pour des couleurs \u00e9clatantes,<\/li>\n\n\n\n<li><strong>Ajout d\u2019effets visuels et transitions<\/strong>,<\/li>\n\n\n\n<li><strong>Int\u00e9gration de musique adapt\u00e9e<\/strong>,<\/li>\n\n\n\n<li><strong>Sous-titres et habillage graphique<\/strong>,<\/li>\n\n\n\n<li><strong>Incrustation de votre logo ou identit\u00e9 visuelle<\/strong>.<\/li>\n<\/ul>\n\n\n\n<p>Nous travaillons en collaboration avec une\u00a0<strong>monteuse vid\u00e9o en BTS audiovisuel<\/strong>, ce qui nous permet d\u2019assurer un rendu professionnel, cr\u00e9atif et sur mesure.<\/p>\n\n\n\n<h2 class=\"wp-block-heading\">Visites virtuelles 360\u00b0<\/h2>\n\n\n\n<p>Offrez une immersion totale avec nos&nbsp;<strong>visites virtuelles interactives<\/strong>.<br>Id\u00e9al pour les agences immobili\u00e8res, les mus\u00e9es, les h\u00f4tels ou encore les entreprises souhaitant pr\u00e9senter leurs locaux, la visite virtuelle permet \u00e0 vos clients de&nbsp;<strong>se d\u00e9placer librement dans un espace comme s\u2019ils y \u00e9taient<\/strong>.<\/p>\n\n\n\n<h2 class=\"wp-block-heading\">Scan 3D de b\u00e2timents<\/h2>\n\n\n\n<p>Nous r\u00e9alisons des&nbsp;<strong>scans 3D pr\u00e9cis<\/strong>&nbsp;de b\u00e2timents existants, utiles dans diff\u00e9rents domaines :<\/p>\n\n\n\n<ul class=\"wp-block-list\">\n<li><strong>Architecture &amp; r\u00e9novation<\/strong>\u00a0(plans d\u00e9taill\u00e9s, \u00e9tude de faisabilit\u00e9),<\/li>\n\n\n\n<li><strong>Patrimoine<\/strong>\u00a0(conservation, restauration),<\/li>\n\n\n\n<li><strong>Immobilier<\/strong>\u00a0(pr\u00e9sentation innovante des biens).<\/li>\n<\/ul>\n\n\n\n<p>Gr\u00e2ce \u00e0 cette technologie, vous obtenez une&nbsp;<strong>repr\u00e9sentation fid\u00e8le et exploitable<\/strong>&nbsp;de vos structures.<\/p>\n\n\n\n<h2 class=\"wp-block-heading\">Spots publicitaires<\/h2>\n\n\n\n<p>Un spot publicitaire bien con\u00e7u est un atout pour mettre en avant votre activit\u00e9.<br>Nous r\u00e9alisons des vid\u00e9os promotionnelles pour :<\/p>\n\n\n\n<ul class=\"wp-block-list\">\n<li>Les\u00a0<strong>entreprises<\/strong>\u00a0(pr\u00e9sentation de produits, services, locaux),<\/li>\n\n\n\n<li>Les\u00a0<strong>associations<\/strong>\u00a0(\u00e9v\u00e9nements, campagnes de communication),<\/li>\n\n\n\n<li>Les\u00a0<strong>collectivit\u00e9s<\/strong>\u00a0(mise en valeur du territoire, tourisme).<\/li>\n<\/ul>\n\n\n\n<p>Chaque vid\u00e9o est pens\u00e9e pour \u00eatre&nbsp;<strong>percutante, moderne et adapt\u00e9e \u00e0 votre public cible<\/strong>.<\/p>\n\n\n\n<h2 class=\"wp-block-heading\">Acc\u00e8s aux zones difficiles<\/h2>\n\n\n\n<p>Nos drones sont capables d\u2019acc\u00e9der \u00e0 des endroits compliqu\u00e9s ou dangereux, \u00e9vitant ainsi des interventions co\u00fbteuses ou risqu\u00e9es.<br>Applications :<\/p>\n\n\n\n<ul class=\"wp-block-list\">\n<li><strong>Inspection de toitures, zingueries, chemin\u00e9es<\/strong>,<\/li>\n\n\n\n<li><strong>Contr\u00f4le de parcelles agricoles, bois\u00e9es ou montagneuses<\/strong>,<\/li>\n\n\n\n<li><strong>Surveillance de b\u00e2timents difficiles d\u2019acc\u00e8s<\/strong>.<\/li>\n<\/ul>\n\n\n\n<p>Cela permet d\u2019obtenir des images pr\u00e9cises, sans \u00e9chafaudage ni nacelle, tout en garantissant la s\u00e9curit\u00e9.<\/p>\n\n\n\n<h2 class=\"wp-block-heading\">Nos atouts techniques<\/h2>\n\n\n\n<ul class=\"wp-block-list\">\n<li>Drones homologu\u00e9s et conformes \u00e0 la r\u00e9glementation en vigueur,<\/li>\n\n\n\n<li>Images\u00a0<strong>4K stabilis\u00e9es<\/strong> <strong>\u00e0 60 images par seconde<\/strong>,<\/li>\n\n\n\n<li><strong>capteur CMOS 1\/2&Prime; de 48Mp<\/strong><\/li>\n\n\n\n<li>T\u00e9l\u00e9pilote passionn\u00e9 et exp\u00e9riment\u00e9,<\/li>\n\n\n\n<li>Montage vid\u00e9o professionnel avec outils de post-production avanc\u00e9s,<\/li>\n\n\n\n<li>Rapidit\u00e9 d\u2019ex\u00e9cution et flexibilit\u00e9 selon vos d\u00e9lais.<\/li>\n<\/ul>\n\n\n\n<h2 class=\"wp-block-heading\">Tarifs attractifs<\/h2>\n\n\n\n<p>Chaque projet est unique, c\u2019est pourquoi nos prestations sont \u00e9tablies&nbsp;<strong>sur devis personnalis\u00e9<\/strong>. Nous garantissons des tarifs&nbsp;<strong>attractifs et transparents<\/strong>, adapt\u00e9s \u00e0 vos besoins.<\/p>\n\n\n\n<p>Chez Sarcey Drone, vous ne payez pas juste une prestation technique : vous b\u00e9n\u00e9ficiez d\u2019un accompagnement humain, cr\u00e9atif et sur mesure, pour donner vie \u00e0 vos id\u00e9es.<\/p>\n\n\n\n<p><\/p>\n","protected":false},"excerpt":{"rendered":"<p>Chez\u00a0Sarcey Dr\u00f4ne, nous croyons qu\u2019une belle image raconte toujours une histoire. Gr\u00e2ce \u00e0 notre expertise et \u00e0 du mat\u00e9riel professionnel, nous proposons une large gamme de services adapt\u00e9s aussi bien aux particuliers, qu\u2019aux entreprises et associations. Prises de vues a\u00e9riennes et au sol Nos drones homologu\u00e9s nous permettent de capturer des images\u00a04K stables et fluides, &hellip; <\/p>\n<p class=\"link-more\"><a href=\"https:\/\/sarceydrone.fr\/?page_id=72\" class=\"more-link\">Lire la suite de<span class=\"screen-reader-text\">\u00ab\u00a0Nos Services\u00a0\u00bb<\/span><\/a><\/p>\n","protected":false},"author":1,"featured_media":0,"parent":0,"menu_order":0,"comment_status":"closed","ping_status":"closed","template":"","meta":{"inspiro_hide_title":false,"footnotes":""},"class_list":["post-72","page","type-page","status-publish","hentry"],"featured_media_urls":[],"_links":{"self":[{"href":"https:\/\/sarceydrone.fr\/index.php?rest_route=\/wp\/v2\/pages\/72","targetHints":{"allow":["GET"]}}],"collection":[{"href":"https:\/\/sarceydrone.fr\/index.php?rest_route=\/wp\/v2\/pages"}],"about":[{"href":"https:\/\/sarceydrone.fr\/index.php?rest_route=\/wp\/v2\/types\/page"}],"author":[{"embeddable":true,"href":"https:\/\/sarceydrone.fr\/index.php?rest_route=\/wp\/v2\/users\/1"}],"replies":[{"embeddable":true,"href":"https:\/\/sarceydrone.fr\/index.php?rest_route=%2Fwp%2Fv2%2Fcomments&post=72"}],"version-history":[{"count":3,"href":"https:\/\/sarceydrone.fr\/index.php?rest_route=\/wp\/v2\/pages\/72\/revisions"}],"predecessor-version":[{"id":154,"href":"https:\/\/sarceydrone.fr\/index.php?rest_route=\/wp\/v2\/pages\/72\/revisions\/154"}],"wp:attachment":[{"href":"https:\/\/sarceydrone.fr\/index.php?rest_route=%2Fwp%2Fv2%2Fmedia&parent=72"}],"curies":[{"name":"wp","href":"https:\/\/api.w.org\/{rel}","templated":true}]}}